{"id":15667,"date":"2017-07-04T20:59:32","date_gmt":"2017-07-04T20:59:32","guid":{"rendered":"http:\/\/sarreti.com\/?page_id=15667"},"modified":"2017-08-31T12:00:58","modified_gmt":"2017-08-31T10:00:58","slug":"agb","status":"publish","type":"page","link":"https:\/\/sarreti.com\/en\/agb\/","title":{"rendered":"AGB"},"content":{"rendered":"<p>[vc_row css_animation=&#8221;&#8221; row_type=&#8221;row&#8221; use_row_as_full_screen_section=&#8221;no&#8221; type=&#8221;grid&#8221; angled_section=&#8221;no&#8221; text_align=&#8221;left&#8221; background_image_as_pattern=&#8221;without_pattern&#8221;][vc_column][vc_separator type=&#8221;normal&#8221; up=&#8221;0&#8243; down=&#8221;54&#8243;][vc_column_text]<\/p>\n<h4>Terms &amp; Conditions \/ Allgemeine Gesch\u00e4ftsbedingungen<\/h4>\n<p>[\/vc_column_text][vc_separator type=&#8221;small&#8221; position=&#8221;left&#8221; up=&#8221;16&#8243; down=&#8221;16&#8243;][vc_column_text]<\/p>\n<article>\n<article class=\"cmsContent\">\n<div class=\"container-fluid dd-ve-container clearfix\">\n<div class=\"row\">\n<div class=\"col-sm-12 col-xs-12\">\n<div class=\"dd-shortcode-text\">\n<div class=\"cms\">\n<h2><\/h2>\n<p>Allgemeine Gesch\u00e4ftsbedingungen zur Nutzung des Webshops unter<br \/>\nwww.sarreti.com; http:\/\/sarreti.com<\/p>\n<p>V2.0 \/ Stand: 13.08.2017<\/p>\n<p>&nbsp;<\/p>\n<h4>Hinweise \/ Pr\u00e4ambel<\/h4>\n<p>&nbsp;<\/p>\n<p>Die Firma SARRETI Lederwaren OG (im Folgenden nur noch \u201eSARRETI\u201c oder \u201eWir\u201c genannt) ist der E-Commerce-L\u00f6sung der Firma Amazon GmbH angeschlossen.<\/p>\n<p>Dies vorweggeschickt, gelten folgende Vertragsbedingungen als vereinbart:<\/p>\n<p>&nbsp;<\/p>\n<h4>\u00a7 1 Allgemeines<\/h4>\n<p>&nbsp;<\/p>\n<p>Es gilt stets die zum Zeitpunkt der Bestellung g\u00fcltige Fassung der AGB. Abweichenden Vorschriften des Kunden wird hiermit widersprochen; andere Bedingungen werden nicht Vertragsinhalt, auch dann nicht, wenn ihnen nicht ausdr\u00fccklich widersprochen wurde, es sei denn, SARRETI hat deren Geltung ausdr\u00fccklich schriftlich zugestimmt.<\/p>\n<p>&nbsp;<\/p>\n<h4>\u00a7 2 Zustandekommen des Vertrages<\/h4>\n<p>&nbsp;<\/p>\n<p>Der Kunde gibt mit der Bestellung der Waren ein verbindliches Angebot zum Abschluss eines Kaufvertrages ab. Er erh\u00e4lt sodann umgehend per E-Mail eine Bestelleingangsbest\u00e4tigung nebst Widerrufsbelehrung und Muster-Widerrufsformular. Diese stellt noch keine Annahme des Angebots dar. Erst mit ausdr\u00fccklicher Annahme dieser Bestellung durch SARRETI kommt der Vertrag zustande. Die Annahme oder Ablehnung des Angebots des Kunden erfolgt durch \u00dcbermittlung einer Annahmeerkl\u00e4rung oder einer Ablehnungserkl\u00e4rung gegen\u00fcber dem Kunden per E-Mail an die vom Kunden angegebene E-Mail-Adresse, wobei auch die Absendung der Ware als Annahme des Angebots gilt. SARRETI wird das Kaufangebot des Kunden gem\u00e4\u00df den Angaben in der Pr\u00e4ambel zun\u00e4chst seinem autorisierten H\u00e4ndlernetz mit der Anfrage nach Verf\u00fcgbarkeit und Lieferbarkeit weiterleiten. Erkl\u00e4rt kein autorisierter H\u00e4ndler, dass die bestellte Ware vorr\u00e4tig und lieferbar ist, wird SARRETI selbst Verf\u00fcgbarkeit und Lieferbarkeit im eigenen Haus pr\u00fcfen. Aufgrund dieser besonderen Umst\u00e4nde kann die Annahme etwas l\u00e4nger dauern, als im Online-Handel \u00fcblich. Der Kunde erh\u00e4lt, sobald die Verf\u00fcgbarkeit und Lieferbarkeit der bestellten Ware feststeht, sp\u00e4testens jedoch 72 Stunden nach Abgabe der Bestellung, die Annahmeerkl\u00e4rung oder Ablehnungserkl\u00e4rung per E-Mail.<\/p>\n<p>&nbsp;<\/p>\n<h4>\u00a7 3 Zahlung und Verzug<\/h4>\n<p>&nbsp;<\/p>\n<p>Die Belieferung der Kunden durch SARRETI erfolgt gegen Zahlung des Kaufpreises. SARRETI stellt dem Kunden eine Rechnung aus, die ihm mit Lieferung der Ware \u00fcbermittelt wird oder per E-Mail zugeht. Bei versp\u00e4teter Zahlung fallen Verzugszinsen in H\u00f6he von 5 Prozentpunkten \u00fcber dem Basiszinssatz der Nationalbank an. SARRETI ist berechtigt, einen h\u00f6heren Verzugsschaden nachzuweisen und zu verlangen.<\/p>\n<p>&nbsp;<\/p>\n<h4>\u00a7 4 Lieferung<\/h4>\n<p>&nbsp;<\/p>\n<p>Die bestellten Waren werden, sofern vertraglich nicht abweichend vereinbart, an die vom Kunden angegebene Lieferadresse geliefert. Alle Lieferfristen sind unverbindlich, soweit nicht von SARRETI ein Liefertermin ausdr\u00fccklich verbindlich zugesagt wurde.<\/p>\n<p>Falls SARRETI ohne eigenes Verschulden zur Lieferung der bestellten Ware nicht in der Lage ist, weil zur Belieferung des Kunden ein Deckungsgesch\u00e4ft mit einem Lieferanten geschlossen wurde und der Lieferant von SARRETI seine vertraglichen Verpflichtungen gegen\u00fcber SARRETI sodann nicht erf\u00fcllt, ist SARRETI dem Kunden gegen\u00fcber zum R\u00fccktritt berechtigt. In diesem Fall wird der Kunde unverz\u00fcglich dar\u00fcber informiert, dass die bestellte Ware nicht zur Verf\u00fcgung steht. Falls die Bezahlung des Kaufpreises bereits erfolgt ist, wird dieser unverz\u00fcglich zur\u00fcckerstattet. Die gesetzlichen Anspr\u00fcche des Kunden bleiben im \u00dcbrigen unber\u00fchrt.<\/p>\n<p>&nbsp;<\/p>\n<h4>\u00a7 5 Widerrufsrecht f\u00fcr Verbraucher<\/h4>\n<p>&nbsp;<\/p>\n<p>Verbrauchern steht ein Widerrufsrecht zu. Verbraucher in diesem Sinne ist jede nat\u00fcrliche Person, die ein Rechtsgesch\u00e4ft zu Zwecken abschlie\u00dft, die \u00fcberwiegend weder ihrer gewerblichen noch ihrer selbst\u00e4ndigen beruflichen T\u00e4tigkeit zugerechnet werden k\u00f6nnen.<\/p>\n<p>Die Einzelheiten k\u00f6nnen der gesondert von SARRETI mitgeteilten Widerrufsbelehrung entnommen werden. Die Widerrufsbelehrung findet sich (ebenso wie das Muster-Widerrufsformular, das Sie zur Erkl\u00e4rung des Widerrufs verwenden k\u00f6nnen, aber nicht m\u00fcssen) beispielsweise im Anschluss an diese AGB, innerhalb unseres Webauftritts unter <a href=\"http:\/\/sarreti.com\">www.sarreti.com<\/a> oder auch in der Bestellbest\u00e4tigungsmail, die der Kunde nach seiner Bestellung von SARRETI erh\u00e4lt.<\/p>\n<p>&nbsp;<\/p>\n<h4>\u00a7 6 Eigentumsvorbehalt<\/h4>\n<p>&nbsp;<\/p>\n<p>Die gelieferte Ware bleibt im Eigentum von SARRETI bis zur vollst\u00e4ndigen Erf\u00fcllung aller Zahlungsverpflichtungen seitens des Kunden.<\/p>\n<p>&nbsp;<\/p>\n<h4>\u00a7 7 Aufrechnung und Zur\u00fcckbehaltungsrecht<\/h4>\n<p>&nbsp;<\/p>\n<p>Das Recht zur Aufrechnung steht dem Kunden nur zu, wenn seine Gegenanspr\u00fcche von SARRETI unbestritten oder rechtskr\u00e4ftig festgestellt sind. Zur Aus\u00fcbung eines Zur\u00fcckbehaltungsrechts ist der Kunde nur insoweit befugt, als sein Gegenanspruch auf demselben Vertragsverh\u00e4ltnis beruht.<\/p>\n<p>&nbsp;<\/p>\n<h4>\u00a7 8 M\u00e4ngelhaftung und Gew\u00e4hrleistung<\/h4>\n<p>&nbsp;<\/p>\n<p>Soweit M\u00e4ngel an der Ware \u2013 z.B. Produktionsfehler oder Besch\u00e4digungen \u2013 vorliegen, stehen dem Kunden die gesetzlichen Gew\u00e4hrleistungsrechte zu. Die Abtretung dieser Rechte des Kunden ist ausgeschlossen.<\/p>\n<p>Die Europ\u00e4ische Kommission stellt eine Plattform zur Online-Streitbeilegung (OS) bereit, die Sie unter dem <a href=\"https:\/\/webgate.ec.europa.eu\/odr\/main\/index.cfm?event=main.home.chooseLanguage\" target=\"_blank\" rel=\"noopener\">Link zur Plattform der Europ\u00e4ischen Kommission<\/a> finden. Zur Teilnahme an einem Streitbeilegungsverfahren vor einer Verbraucherschlichtungsstelle sind wir weder verpflichtet noch bereit.<\/p>\n<p>&nbsp;<\/p>\n<h4>\u00a7 9 Schlussbestimmungen<\/h4>\n<p>&nbsp;<\/p>\n<p>Vertragssprache und Sprache f\u00fcr Erkl\u00e4rungen im Rahmen der Durchf\u00fchrung dieses Vertrages ist deutsch. \u00dcbersetzungen dieses Vertrages entfalten keine rechtlich verbindliche Wirkung. Entscheidend ist immer die deutschsprachige Fassung dieser Nutzungsbedingungen. Der Vertrag unterliegt ausschlie\u00dflich dem Recht der Bundesrepublik Deutschland. Verweist dieses Recht auf ausl\u00e4ndische Rechtsordnungen (R\u00fcck- und Weiterverweisungen), sind diese Verweisungen unwirksam. Das \u00dcbereinkommen \u00fcber den internationalen Warenkauf (\u201eCISG\u201c bzw. \u201eUN-Kaufrecht\u201c) wird im Rahmen dieses Vertrages ausgeschlossen. Der Schriftform bed\u00fcrfen alle Willens- oder Wissenserkl\u00e4rungen, Anzeigen, Zustimmungen oder \u00c4hnliches, soweit sie zwischen den Vertragsparteien Rechtswirkungen hervorrufen sollen. Falls sie m\u00fcndlich abgegeben werden, bed\u00fcrfen sie zu ihrer Wirksamkeit der schriftlichen Best\u00e4tigung. Die telekommunikative \u00dcbermittlung durch Telefax oder E-Mail erf\u00fcllt das Schriftformerfordernis nach diesem Absatz.<\/p>\n<p>&nbsp;<\/p>\n<\/div>\n<\/div>\n<\/div>\n<\/div>\n<div class=\"row\">\n<div class=\"col-sm-12 col-xs-12\">\n<div class=\"dd-shortcode-text\">\n<div class=\"widerruf\">\n<div class=\"cms\">\n<h4>Widerrufsrecht f\u00fcr Verbraucher<\/h4>\n<p>&nbsp;<\/p>\n<p>Verbrauchern steht nach folgender Ma\u00dfgabe ein Widerrufsrecht zu. Verbraucher in diesem Sinne ist jede nat\u00fcrliche Person, die ein Rechtsgesch\u00e4ft zu Zwecken abschlie\u00dft, die \u00fcberwiegend weder ihrer gewerblichen noch ihrer selbst\u00e4ndigen beruflichen T\u00e4tigkeitzugerechnet werden k\u00f6nnen.<\/p>\n<p>Eine Firma bzw. ein Unternehmen als K\u00e4ufer kann also niemals Verbraucher sein. Ein Mensch, der f\u00fcr sich privat etwas kauft, ist immer Verbraucher. Dazwischen kann es den Einzelunternehmer, den Selbst\u00e4ndigen bzw. den Freiberufler o.\u00e4. geben. Hier kommt es darauf an. Ein Beispiel: Kauft ein Rechtsanwalt, dann kommt es darauf an, ober f\u00fcr seine Kanzlei kauft oder f\u00fcr sich privat. Im Zweifel kann man von der Verbrauchereigenschaft ausgehen.<\/p>\n<p>&nbsp;<\/p>\n<h4>Widerrufsbelehrung<\/h4>\n<h4>Widerrufsrecht<\/h4>\n<p>&nbsp;<\/p>\n<p>Sie haben das Recht, binnen vierzehn Tagen ohne Angabe von Gr\u00fcnden diesen Vertrag zu widerrufen. Die Widerrufsfrist betr\u00e4gt vierzehn Tage ab dem Tag<\/p>\n<ul>\n<li>an dem Sie oder ein von Ihnen benannter Dritter, der nicht der Bef\u00f6rderer ist, die Waren in Besitz genommen haben bzw. hat, wenn Sie eine Ware oder mehrere Waren im Rahmen einer einheitlichen Bestellung bestellt haben und die Ware bzw. Waren einheitlich geliefert wird bzw. werden;<\/li>\n<li>an dem Sie oder ein von Ihnen benannter Dritter, der nicht der Bef\u00f6rderer ist, die letzte Ware in Besitz genommen haben bzw. hat, wenn Sie mehrere Waren im Rahmen einer einheitlichen Bestellung bestellt haben und die Waren getrennt geliefert werden;<\/li>\n<li>an dem Sie oder ein von Ihnen benannter Dritter, der nicht der Bef\u00f6rderer ist, die letzte Teilsendung oder das letzte St\u00fcck in Besitz genommen haben bzw. hat, wenn Sie eine Ware bestellt haben, die in mehreren Teilsendungen oder St\u00fccken geliefert wird.<\/li>\n<\/ul>\n<p>Wenn mehrere der vorstehenden Alternativen vorliegen, beginnt die Widerrufsfrist erst zu laufen, wenn Sie oder ein von Ihnen benannter Dritter, der nicht Bef\u00f6rderer ist, die letzte Ware oder die letzte Teilsendung bzw. das letzte St\u00fcck in Besitz genommen haben bzw. hat.<\/p>\n<p>Um Ihr Widerrufsrecht auszu\u00fcben, m\u00fcssen Sie uns <em><strong>(Firma Sarreti Lederwaren OG, Gertrude-Wondrack-Platz 5\/607, A-1120 Wien, E-Mail-Adresse office<a title=\"info@picard-lederwaren.de\">@sarreti.com<\/a>)<\/strong> <\/em>mittels einer eindeutigen Erkl\u00e4rung (z.B. ein mit der Post versandter Brief oder E-Mail) \u00fcber Ihren Entschluss, diesen Vertrag zu widerrufen, informieren. Sie k\u00f6nnen daf\u00fcr das beigef\u00fcgte Muster-Widerrufsformular verwenden, das jedoch nicht vorgeschrieben ist.<\/p>\n<p>Zur Wahrung der Widerrufsfrist reicht es aus, dass Sie die Mitteilung \u00fcber die Aus\u00fcbung des Widerrufsrechts vor Ablauf der Widerrufsfrist absenden.<\/p>\n<p>&nbsp;<\/p>\n<h4>Folgen des Widerrufs<\/h4>\n<p>&nbsp;<\/p>\n<p>Wenn Sie diesen Vertrag widerrufen, haben wir Ihnen alle Zahlungen, die wir von Ihnen erhalten haben, einschlie\u00dflich der Lieferkosten (mit Ausnahme der zus\u00e4tzlichen kosten, die sich daraus ergeben, dass Sie eine andere Art der Lieferung als die von uns angebotene, g\u00fcnstigste Standardlieferung gew\u00e4hlt haben), unverz\u00fcglich und sp\u00e4testens binnen vierzehn Tagen ab dem Tag zur\u00fcckzuzahlen, an dem die Mitteilung \u00fcber Ihren Widerruf dieses Vertrages bei uns eingegangen ist. F\u00fcr diese R\u00fccksendung verwenden wir dasselbe Zahlungsmittel, das Sie bei der urspr\u00fcnglichen Transaktion eingesetzt haben, es sei denn, mit Ihnen wurde ausdr\u00fccklich etwas anderes vereinbart; in keinem Fall werden Ihnen wegen der R\u00fcckzahlung Entgelte berechnet.<\/p>\n<p>Wir k\u00f6nnen die R\u00fcckzahlung verweigern, bis wir die Waren wieder zur\u00fcckerhalten haben oder bis Sie den Nachweis erbracht haben, dass Sie die Waren zur\u00fcckgesandt haben, je nachdem, welches der fr\u00fchere Zeitpunkt ist.<\/p>\n<p>Sie haben die Waren unverz\u00fcglichen und in jedem Fall sp\u00e4testens binnen vierzehn Tagen ab dem Tag, an dem Sie uns \u00fcber den Widerruf dieses Vertrages unterrichten, an den H\u00e4ndler, der Ihnen die Ware in unserem Namen zugesandt hat und dessen Namen und Anschrift Sie aus der Bestellbest\u00e4tigungsmail, dem Lieferschein, sowie dem den Waren beigef\u00fcgten Retourenschein entnehmen k\u00f6nnen, zur\u00fcckzusenden oder zu \u00fcbergeben. Die Frist ist gewahrt, wenn Sie die Waren vor Ablauf der Frist von vierzehn Tagen absenden.<\/p>\n<p>Wir tragen die Kosten der R\u00fccksendung der Waren f\u00fcr alle Kunden aus \u00d6sterrreich. Sie tragen die unmittelbaren Kosten der R\u00fccksendung der Waren, wenn Sie nicht in \u00d6sterreich wohnen.<\/p>\n<p>Sie m\u00fcssen f\u00fcr einen etwaigen Wertverlust der Waren nur aufkommen, wenn dieser Wertverlust auf einen zur Pr\u00fcfung der Beschaffenheit, Eigenschaften und Funktionsweise der Waren nicht notwendigen Umgang mit ihnen zur\u00fcckzuf\u00fchren ist.<\/p>\n<p>&nbsp;<\/p>\n<h4>Ausschluss bzw. vorzeitiges Erl\u00f6schen des Widerrufsrechts<\/h4>\n<p>&nbsp;<\/p>\n<p>Das Widerrufsrecht besteht nicht bei Vertr\u00e4gen<\/p>\n<ul>\n<li>zur Lieferung von Waren, die nicht vorgefertigt sind und f\u00fcr deren Herstellung eine individuelle Auswahl oder Bestimmung durch den Verbraucher ma\u00df0gebliuch ist oder die eindeutig auf die pers\u00f6nlichen Bed\u00fcrfnisse des Verbrauchers zugeschnitten sind;<\/li>\n<li>zur Lieferung von Waren, die schnell verderben k\u00f6nnen oder deren Verfallsdatum schnell \u00fcberschritten w\u00fcrde;<\/li>\n<li>zur Lieferung alkoholischer Getr\u00e4nke, deren Preis bei Vertragsschluss vereinbart wurde, die aber fr\u00fchestens 30 Tage nach Vertragsschluss geliefert werden k\u00f6nnen und deren aktueller Wert von Schwankungen auf dem Markt abh\u00e4ngt, auf die der Unternehmer keinen Einfluss hat;<\/li>\n<li>zur Lieferung von Zeitungen, Zeitschriften oder Illustrierten mit Ausnahme von Abonnement-Vertr\u00e4gen.<\/li>\n<\/ul>\n<p>Das Widerrufsrecht erlischt vorzeitig bei Vertr\u00e4gen<\/p>\n<ul>\n<li>zur Lieferung versiegelter Waren, die aus Gr\u00fcnden des Gesundheitsschutzes oder der Hygiene nicht zur R\u00fcckgabe geeignet sind, wenn ihre Versiegelung nach der Lieferung entfernt wurde;<\/li>\n<li>zur Lieferung von Waren, wenn diese nach der Lieferung auf Grund ihrer Beschaffenheit untrennbar mit anderen G\u00fctern vermischt wurden;<\/li>\n<li>zur Lieferung von Ton- oder Videoaufnahmen oder Computersoftware in einer versiegelten Verpackung, wenn die Versiegelung nach der Lieferung entfernt wurde.<\/li>\n<\/ul>\n<p>&nbsp;<\/p>\n<h4>Muster-Widerrufsformular<\/h4>\n<p>&nbsp;<\/p>\n<p>(Wenn Sie den Vertrag widerrufen wollen, dann f\u00fcllen Sie bitte dieses Formular aus und senden Sie es zur\u00fcck.)<\/p>\n<p>An<br \/>\n<em><strong>Sarreti Lederwaren OG<\/strong><\/em><br \/>\n<em><strong>Gertrude-Wondrack-Platz 5\/607<\/strong><\/em><br \/>\n<em><strong>A-1120 Wien<\/strong><\/em><br \/>\n<em><strong>E-Mail-Adresse: <a title=\"\">office@sarreti.com <\/a><\/strong><\/em><\/p>\n<p>Hiermit widerrufe(n) ich\/wir (*) den von mir\/uns (*) abgeschlossenen Vertrag \u00fcber den Kauf der folgenden Waren (*)\/die Erbringung der folgenden Dienstleistung (*)<\/p>\n<p>&nbsp;<\/p>\n<p>Bestellt am (*)\/erhalten am (*):<\/p>\n<p>Name des\/der Verbraucher(s):<\/p>\n<p>Anschrift des\/der Verbraucher(s):<\/p>\n<p>Unterschrift des\/der Verbraucher(s) (nur bei Mitteilung auf Papier)<\/p>\n<p>Datum<\/p>\n<p>(*) Unzutreffendes streichen<\/p>\n<p>&nbsp;<\/p>\n<h4>Ende der Widerrufsbelehrung<\/h4>\n<\/div>\n<\/div>\n<\/div>\n<\/div>\n<\/div>\n<\/div>\n<\/article>\n<\/article>\n<p>[\/vc_column_text][\/vc_column][\/vc_row]<\/p>\n","protected":false},"excerpt":{"rendered":"<p>[vc_row css_animation=&#8221;&#8221; row_type=&#8221;row&#8221; use_row_as_full_screen_section=&#8221;no&#8221; type=&#8221;grid&#8221; angled_section=&#8221;no&#8221; text_align=&#8221;left&#8221; background_image_as_pattern=&#8221;without_pattern&#8221;][vc_column][vc_separator type=&#8221;normal&#8221; up=&#8221;0&#8243; down=&#8221;54&#8243;][vc_column_text] Terms &amp; Conditions \/ Allgemeine Gesch\u00e4ftsbedingungen [\/vc_column_text][vc_separator type=&#8221;small&#8221; position=&#8221;left&#8221; up=&#8221;16&#8243; down=&#8221;16&#8243;][vc_column_text] Allgemeine Gesch\u00e4ftsbedingungen zur Nutzung des Webshops unter www.sarreti.com; http:\/\/sarreti.com V2.0 \/ Stand: 13.08.2017 &nbsp; Hinweise \/ Pr\u00e4ambel &nbsp; Die Firma SARRETI Lederwaren OG&#8230;<\/p>\n","protected":false},"author":2,"featured_media":0,"parent":0,"menu_order":0,"comment_status":"closed","ping_status":"closed","template":"full_width.php","meta":{"footnotes":""},"class_list":["post-15667","page","type-page","status-publish","hentry"],"_links":{"self":[{"href":"https:\/\/sarreti.com\/en\/wp-json\/wp\/v2\/pages\/15667"}],"collection":[{"href":"https:\/\/sarreti.com\/en\/wp-json\/wp\/v2\/pages"}],"about":[{"href":"https:\/\/sarreti.com\/en\/wp-json\/wp\/v2\/types\/page"}],"author":[{"embeddable":true,"href":"https:\/\/sarreti.com\/en\/wp-json\/wp\/v2\/users\/2"}],"replies":[{"embeddable":true,"href":"https:\/\/sarreti.com\/en\/wp-json\/wp\/v2\/comments?post=15667"}],"version-history":[{"count":0,"href":"https:\/\/sarreti.com\/en\/wp-json\/wp\/v2\/pages\/15667\/revisions"}],"wp:attachment":[{"href":"https:\/\/sarreti.com\/en\/wp-json\/wp\/v2\/media?parent=15667"}],"curies":[{"name":"wp","href":"https:\/\/api.w.org\/{rel}","templated":true}]}}